{"id":101,"date":"2015-01-13T18:56:04","date_gmt":"2015-01-13T18:56:04","guid":{"rendered":"http:\/\/estudioshistoricos.inah.gob.mx\/?page_id=101"},"modified":"2024-10-08T12:43:42","modified_gmt":"2024-10-08T17:43:42","slug":"revistas","status":"publish","type":"page","link":"https:\/\/estudioshistoricos.inah.gob.mx\/?page_id=101","title":{"rendered":"Revistas"},"content":{"rendered":"<p>[tabs title=&#8221;&#8221; disabled=&#8221;false&#8221; collapsible=&#8221;true&#8221; active=&#8221;0&#8243; event=&#8221;click&#8221;]<br \/>\n[tab title=&#8221;Revista Historias&#8221;]<br \/>\n<a href=\"http:\/\/www.estudioshistoricos.inah.gob.mx\/revistaHistorias\/\"><img loading=\"lazy\" decoding=\"async\" class=\"aligncenter size-full wp-image-104\" src=\"https:\/\/estudioshistoricos.inah.gob.mx\/wp-content\/uploads\/presenta.jpg\" alt=\"presenta\" width=\"520\" height=\"500\" srcset=\"https:\/\/estudioshistoricos.inah.gob.mx\/wp-content\/uploads\/presenta.jpg 520w, https:\/\/estudioshistoricos.inah.gob.mx\/wp-content\/uploads\/presenta-300x288.jpg 300w, https:\/\/estudioshistoricos.inah.gob.mx\/wp-content\/uploads\/presenta-312x300.jpg 312w\" sizes=\"auto, (max-width: 520px) 100vw, 520px\" \/><\/a><br \/>\n[\/tab]<\/p>\n<p>[tab title=&#8221;Revista Con-Tempor\u00e1nea&#8221;]<\/p>\n<p><a href=\"https:\/\/www.con-temporanea.inah.gob.mx\/index.php\"><img loading=\"lazy\" decoding=\"async\" class=\"aligncenter size-full wp-image-105\" src=\"https:\/\/estudioshistoricos.inah.gob.mx\/wp-content\/uploads\/con-tempo.jpg\" alt=\"con tempo\" width=\"374\" height=\"136\" srcset=\"https:\/\/estudioshistoricos.inah.gob.mx\/wp-content\/uploads\/con-tempo.jpg 374w, https:\/\/estudioshistoricos.inah.gob.mx\/wp-content\/uploads\/con-tempo-300x109.jpg 300w\" sizes=\"auto, (max-width: 374px) 100vw, 374px\" \/><\/a><\/p>\n<p>&nbsp;<\/p>\n<p>&nbsp;<\/p>\n<div id=\"content-inside\" class=\"container_12 clearfix\">\n<div id=\"main\" class=\"grid_8\">\n<div class=\"region region-content\">\n<div id=\"block-system-main\" class=\"block block-system\">\n<div class=\"content\">\n<div id=\"node-25\" class=\"node node-page node-promoted node-sticky\">\n<div class=\"content clearfix\">\n<div class=\"field field-name-body field-type-text-with-summary field-label-hidden\">\n<div class=\"field-items\">\n<div class=\"field-item even\">\n<p class=\"rtejustify\"><strong>\u00bfPor qu\u00e9\u00a0<\/strong><strong>Con-tempor\u00e1nea<\/strong><strong>?<\/strong><\/p>\n<p class=\"rtejustify\">Recuperar desde esta segunda d\u00e9cada del siglo XXI al \u00a0XX, pol\u00e9mico, fundador, en su calidad global y su circunstancia local, su variedad y discontinuidad, en sus muchos temas y sujetos, asumirlo como un continente apenas explorado.<\/p>\n<p class=\"rtejustify\">Traer lo muy lejano en el tiempo-espacio, al di\u00e1logo con este tiempo nuestro. Distanciarse de un presente s\u00f3lido y familiar para abrirlo a las posibilidades m\u00faltiples del tiempo largo.<\/p>\n<p class=\"rtejustify\">Promover muchas tramas narrativas, capturar los acontecimientos fundadores, ampliar el tiempo-espacio con nuevos sujetos y temas, acoger la riqueza de miradas y m\u00e9todos hist\u00f3ricos.<\/p>\n<p class=\"rtejustify\">Abrir, en un tiempo de consenso, de plena aceptaci\u00f3n de las fr\u00edas y uniformes aguas de la sociedad global, el aire fresco de la cr\u00edtica.<\/p>\n<p class=\"rtejustify\">Invitar al ejercicio colectivo de trazar en la arena m\u00f3vil del tiempo las tramas de un nosotros polif\u00f3nico, diverso y distinto, contradictorio, siempre cambiante.<\/p>\n<\/div>\n<\/div>\n<\/div>\n<\/div>\n<div class=\"clearfix\"><\/div>\n<\/div>\n<\/div>\n<\/div>\n<\/div>\n<\/div>\n<\/div>\n<p>[\/tab]<\/p>\n<p>[\/tabs]<\/p>\n","protected":false},"excerpt":{"rendered":"<p>[tabs title=&#8221;&#8221; disabled=&#8221;false&#8221; collapsible=&#8221;true&#8221; active=&#8221;0&#8243; event=&#8221;click&#8221;] [tab title=&#8221;Revista Historias&#8221;] [\/tab] [tab title=&#8221;Revista Con-Tempor\u00e1nea&#8221;] &nbsp; &nbsp; \u00bfPor qu\u00e9\u00a0Con-tempor\u00e1nea? Recuperar desde esta segunda d\u00e9cada del siglo XXI al \u00a0XX, pol\u00e9mico, fundador, en su calidad global y su circunstancia local, su variedad y discontinuidad, en sus muchos temas y sujetos, asumirlo como un&#8230; <a class=\"continue-reading-link\" href=\"https:\/\/estudioshistoricos.inah.gob.mx\/?page_id=101\">Seguir leyendo<\/a><\/p>\n","protected":false},"author":1,"featured_media":0,"parent":69,"menu_order":1,"comment_status":"closed","ping_status":"closed","template":"","meta":{"footnotes":""},"class_list":["post-101","page","type-page","status-publish","hentry"],"_links":{"self":[{"href":"https:\/\/estudioshistoricos.inah.gob.mx\/index.php?rest_route=\/wp\/v2\/pages\/101","targetHints":{"allow":["GET"]}}],"collection":[{"href":"https:\/\/estudioshistoricos.inah.gob.mx\/index.php?rest_route=\/wp\/v2\/pages"}],"about":[{"href":"https:\/\/estudioshistoricos.inah.gob.mx\/index.php?rest_route=\/wp\/v2\/types\/page"}],"author":[{"embeddable":true,"href":"https:\/\/estudioshistoricos.inah.gob.mx\/index.php?rest_route=\/wp\/v2\/users\/1"}],"replies":[{"embeddable":true,"href":"https:\/\/estudioshistoricos.inah.gob.mx\/index.php?rest_route=%2Fwp%2Fv2%2Fcomments&post=101"}],"version-history":[{"count":8,"href":"https:\/\/estudioshistoricos.inah.gob.mx\/index.php?rest_route=\/wp\/v2\/pages\/101\/revisions"}],"predecessor-version":[{"id":15802,"href":"https:\/\/estudioshistoricos.inah.gob.mx\/index.php?rest_route=\/wp\/v2\/pages\/101\/revisions\/15802"}],"up":[{"embeddable":true,"href":"https:\/\/estudioshistoricos.inah.gob.mx\/index.php?rest_route=\/wp\/v2\/pages\/69"}],"wp:attachment":[{"href":"https:\/\/estudioshistoricos.inah.gob.mx\/index.php?rest_route=%2Fwp%2Fv2%2Fmedia&parent=101"}],"curies":[{"name":"wp","href":"https:\/\/api.w.org\/{rel}","templated":true}]}}