{"id":11410,"date":"2024-05-22T13:55:56","date_gmt":"2024-05-22T18:55:56","guid":{"rendered":"https:\/\/estudioshistoricos.inah.gob.mx\/?page_id=11410"},"modified":"2024-05-22T15:06:21","modified_gmt":"2024-05-22T20:06:21","slug":"proyectos","status":"publish","type":"page","link":"https:\/\/estudioshistoricos.inah.gob.mx\/?page_id=11410","title":{"rendered":"Proyectos"},"content":{"rendered":"<p><span class=\"Texto\"><b>Acevedo Vald\u00e9s, Esther<\/b><br \/>\n\u0094 Seminario sobre la visualidad mexicana en los siglos XIX y XX. Memoria y coleccionismo en la antigua Academia de San Carlos de M\u00e9xico a trav\u00e9s de las exposiciones de arte: un cat\u00e1logo digital del Cat\u00e1logo de Exposiciones de Manuel Romero de Terreros.<\/span><\/p>\n<p><b>Aguirre Anaya, Carlos<\/b><br \/>\n\u0094 La Ciudad de M\u00e9xico y sus representaciones cartogr\u00e1ficas desde finales del siglo XVIII hasta principios del siglo XX.<\/p>\n<p><b>Alvarado G\u00f3mez, Armando<\/b><br \/>\n\u0094 Edici\u00f3n: los proyectos para el arreglo del ej\u00e9rcito mexicano y de su Plana Mayor elaborados por Jos\u00e9 Joaqu\u00edn de Herrera, Mariano Arista y Lino Jos\u00e9 Alcorta.<\/p>\n<p><strong>\u00c1lvarez de la Borda, Joel<\/strong><br \/>\n\u0094 El Petr\u00f3leo Mexicano en la Primera Guerra Mundial.<\/p>\n<p><b>Arag\u00f3n Rangel, Ma. Eugenia<\/b><br \/>\n\u0093 De un siglo a otro: residencias porfirianas en la ciudad de M\u00e9xico.<\/p>\n<p><strong>Battcock, Clementina Lisi<\/strong><br \/>\n\u0094 Cr\u00f3nicas Novohispanas.<\/p>\n<p><b>Blanco Alfaro, Jos\u00e9 Joaqu\u00edn<\/b><br \/>\n\u0094 Ciclos Modernizadores de la Cultura Mexicana.<\/p>\n<p><strong>Bonilla Reyna, <\/strong><strong>Helia Emma<\/strong><br \/>\n\u0094 Temas y problemas de la imagen impresa en M\u00e9xico en el siglo XIX y principios del XX.<\/p>\n<p><span class=\"Texto\"><b>Camarena Ocampo, Mario<\/b><br \/>\n\u0094 Pueblos y barrios originarios ante el contexto de globalizaci\u00f3n.<br \/>\n<\/span><\/p>\n<p><b>Cano S\u00e1nchez, Beatriz Luc\u00eda<\/b><br \/>\n\u0094 Literatura, historia y pol\u00edtica en la obra de Hilari\u00f3n Fr\u00edas y Soto.<br \/>\n\u0094 Enfermedades epidemiol\u00f3gicas en el periodo revolucionario: el caso de la influenza espa\u00f1ola.<\/p>\n<p><strong>Casanova Garc\u00eda, Rosa Edelmira<\/strong><br \/>\n\u0094 Estudios sobre la visualidad mexicana en los siglos XIX y XX.<\/p>\n<p><b>Castro Orozco, Oliva<\/b><br \/>\n\u0093 La delincuencia femenina durante el porfiriato en el estado de M\u00e9xico.<\/p>\n<p><b>Cottom Ul\u00edn, Bolfy Efra\u00edn<\/b><br \/>\n\u0093 Patrimonio cultural: antropolog\u00eda, Historia y legislaci\u00f3n.<\/p>\n<p><b>Ch\u00e1vez G\u00f3mez, Jos\u00e9 Manuel Antonio<\/b><br \/>\n\u0093 La visi\u00f3n del mundo entre los mayas: flora y fauna, su simbolismo y significaciones.<br \/>\n\u0093 Las \u00d3rdenes religiosas (OFM, OP, SJ) en el \u00c1rea Maya durante el virreinato.<\/p>\n<p><strong>Diaz Frene, Jaddiel<\/strong><br \/>\n\u0093 Fon\u00f3grafos imperiales y voces nacionales. La historia de un pa\u00eds en cera dura (M\u00e9xico, 1877-1910).<br \/>\n\u0093 Entre c\u00e1maras, prensas y revoluciones. Una historia cultural entre M\u00e9xico y Cuba 1857-1950.<\/p>\n<p><strong>Dur\u00e1n Solis, Mois\u00e9s Leonel<\/strong><br \/>\n\u0093\u00a0Liberales mexicanos, espiritistas y revolucionarios.<\/p>\n<p><b>Echenique March, Felipe Ignacio<\/b><br \/>\n\u0093 \u00a0Andamios para las bibliotecas mexicanas\/Los cimientos en la construcci\u00f3n del imaginario colectivo de lo mexicano en los siglos XVIII y XIX. Ensayo bio-bibliogr\u00e1fico, con un \u00edndice de \u00edndices que ayude a estudiar la cuesti\u00f3n.<\/p>\n<p><b>Escobar Toledo, Sa\u00fal Alonso<\/b><br \/>\n\u0093 Rescate y conservaci\u00f3n del archivo hist\u00f3rico del Sindicato \u00danico de Trabajadores Electricistas de la Rep\u00fablica Mexicana (SUTERM).<\/p>\n<p><b>Flores Clair, Eduardo<\/b><br \/>\n\u0093 Fuentes para el estudio de la industria minera, siglos XVI a XIX.<br \/>\n\u0093 La elecci\u00f3n presidencial de 1871.<\/p>\n<p><b>Gay\u00f3n C\u00f3rdoba, Mar\u00eda<\/b><br \/>\n\u0093 Las ocupaciones de los trabajadores del Distrito Federal a mediados del siglo XIX y su ubicaci\u00f3n espacial para integrarlas al Atlas Digital del Distrito Federal de 1848.<\/p>\n<p><b>Gonz\u00e1lez Marmolejo, Jorge Ren\u00e9<\/b><br \/>\n\u0093 La vida cotidiana en las misiones de los colegios de propaganda FIDE siglo XVIII.<\/p>\n<p><strong>Gonz\u00e1lez Torres, Annia<\/strong><br \/>\n\u0093 Representaciones de la transgresi\u00f3n en el Valle del Mezquital: discursos en tribunales eclesi\u00e1sticos y administrativos locales, siglos XVII- XVIII. (Fase I).<\/p>\n<p><span class=\"Texto\"><b>Guti\u00e9rrez L\u00f3pez, Edgar Omar<\/b><br \/>\n\u0093 Placeres, zangarros y viandantes. Sonora como negocio 1765-1794.<\/span><\/p>\n<p><b>Hern\u00e1ndez Galindo, Sergio<\/b><br \/>\n\u0093 Migraci\u00f3n, Identidad y Guerra: Los Japoneses en M\u00e9xico (1888-2022)<\/p>\n<p><strong>Hern\u00e1ndez Lucas, Mauricio Rams\u00e9s<\/strong><br \/>\n\u0093 El bosque campesino de Amecameca. Explotaci\u00f3n y conservaci\u00f3n entre 1930 y 1970.<\/p>\n<p><b>Hern\u00e1ndez Vicencio, Tania<\/b><br \/>\n\u0093 Otras miradas sobre la historia nacional.<br \/>\n\u0093 Procesos Pol\u00edticos, representaci\u00f3n y cultura ciudadana.<\/p>\n<p><b>Herrera Canales, In\u00e9s Mar\u00eda<\/b><br \/>\n\u0094 El molino chileno de minerales.<\/p>\n<p><b>Loera Ch\u00e1vez y Peniche, Margarita<\/b><br \/>\n\u0093 Investigaci\u00f3n hist\u00f3rica en zonas de volcanes.<\/p>\n<p><strong>L\u00f3pez Hern\u00e1ndez, Hayde\u00e9<\/strong><br \/>\n\u0093 La construcci\u00f3n de la etnolog\u00eda en M\u00e9xico, primera mitad del siglo XX.<\/p>\n<p><b>Lugo Ol\u00edn, Concepci\u00f3n<\/b><br \/>\n\u0093 El cielo en el imaginario novohispano a partir de sermones, ejemplos y meditaciones. (L\u00ednea de investigaci\u00f3n de la Literatura Religiosa y Funeraria en M\u00e9xico. Siglos XVI al XX).<\/p>\n<p><b>Maqu\u00edvar Maqu\u00edvar, Mar\u00eda del Consuelo<\/b><br \/>\n\u0093 La pr\u00e1ctica religiosa en la Nueva Espa\u00f1a.<\/p>\n<p><b>Mart\u00ednez Baracs, Rodrigo<\/b><br \/>\n\u0093 Historiadores, ling\u00fcistas y escritores mexicanos.<br \/>\n\u0093 Tres perspectivas temporales de la historia de M\u00e9xico: la larga, la mediana y la corta duraci\u00f3n.<\/p>\n<p><b>Matamala Vivanco, Juan<\/b><br \/>\n\u0093 La casa de moneda de Zacatecas 1810-1905.<\/p>\n<p><b>Melesio Nolasco, Jos\u00e9 Carlos<\/b><br \/>\n\u0093 Seminario M\u00e9xico contempor\u00e1neo.<\/p>\n<p><strong>Men\u00e9ndez di Pardo, Nadia<\/strong><br \/>\n\u0093 Procesos salud, enfermedad, atenci\u00f3n: Trayectoria de la medicina y saberes m\u00e9dicos: finales del siglo XIX, siglo XX.<\/p>\n<p><b>Meyer Cos\u00edo, Rosa Mar\u00eda<\/b><br \/>\n\u0093 Los empresarios y su correspondencia. segunda etapa: Nicanor Beistegui y otros empresarios en la correspondencia de Mariano Riva Palacio.<\/p>\n<p><b>Monroy Nasr, Rebeca\u00a0<\/b><br \/>\n\u0093 La fotograf\u00eda: documentaci\u00f3n hist\u00f3rica, social y est\u00e9tica.<\/p>\n<p><b>Necoechea Gracia, Gerardo<\/b><br \/>\n\u0093 Cultura, izquierda pol\u00edtica y trabajadores, 1950-1990, subproyecto: prensa de izquierda.<\/p>\n<p><strong>Ortega Gonz\u00e1lez, Carlos Alberto<\/strong><br \/>\n\u0093 Deuda, actores, instituciones y espacio. Ciudad de M\u00e9xico y sus contornos, siglo XIX.<\/p>\n<p><b>Palma Mora, M\u00f3nica Dolores<\/b><br \/>\n\u0093 Extranjeros residentes en la Ciudad de Oaxaca entre 1960 y 2010. Testimonios.<br \/>\n\u0093 Cuatro d\u00e9cadas de estadounidenses en M\u00e9xico. Un compendio hist\u00f3rico de su migraci\u00f3n 1945-1980.<\/p>\n<p><b>Parra Campos, Alma Laura<\/b><br \/>\n\u0094 Empresarios Brit\u00e1nicos y Empresas Acu\u00f1adoras en la Segunda Mitad del XIX (Influencia Brit\u00e1nica en la Miner\u00eda Mexicana. Parte 2).<br \/>\n\u0094 El Mercurio y sus Distribuidores en el M\u00e9xico del Siglo XIX: (Redes Internacionales de Abasto de Insumos a la Miner\u00eda Parte 2).<\/p>\n<p><strong>P\u00e9rez Alfaro, Mar\u00eda Magdalena<\/strong><br \/>\n\u0094 El turismo en el proyecto cultural del estado-naci\u00f3n posrevolucionario 1921-1941.<br \/>\n\u0094 Seminario de Movimientos Sociales, Memoria e Historia del Tiempo Presente.<\/p>\n<p><strong>Ramos Hoyos, Mar\u00eda Jos\u00e9<\/strong><br \/>\n\u0093 Historia de la edici\u00f3n literaria en M\u00e9xico en el siglo XX.<\/p>\n<p><b>Ramos Soriano, Jos\u00e9 Abel<\/b><br \/>\n\u0093 Espacios de libros: Bibliotecas, museos y librer\u00edas en la historia de M\u00e9xico.<\/p>\n<p><b>Reina Aoyama, Leticia<\/b><br \/>\n\u0093 Ciudadanizaci\u00f3n de los pueblos ind\u00edgenas del Distrito Federal. 1880-1910.<br \/>\n\u0093 Aportes de M\u00e9xico al mundo: historias para ni\u00f1os.<\/p>\n<p><b>Reyna P\u00e9rez, Ma. Del Carmen<\/b><br \/>\n\u0093 Censura de prensa en imprentas y escritores. \u00c9poca colonial y siglo XIX.<\/p>\n<p><b>Ribera Carb\u00f3, Anna<\/b><br \/>\n\u0093 Presencia americana de Francisco Ferrer Guardia.<\/p>\n<p><b>Rivas Mata, Emma<\/b><br \/>\n\u0093 Correspondencia de Joaqu\u00edn Garc\u00eda Icazbalceta.<\/p>\n<p><b>Rojas Loa Ojeda, Jos\u00e9 Antonio<\/b><br \/>\n\u0093 La hacienda jesuita de Jalmolonga, Alcaldia Mayor de Malinalco, Estado de M\u00e9xico: siglos XVI-XVIII.<\/p>\n<p><b>Ros Torres, Ma. Amparo<\/b><br \/>\n\u0093 \u00cdndice comentado de documentos de la Colecci\u00f3n Lafragua sobre temas y aspectos sociales en la ciudad de M\u00e9xico en la primera mitad del siglo XIX: comportamientos y pautas culturales urbanas.<\/p>\n<p><b>Ruiz Medrano, Ethelia<br \/>\n<\/b>\u0093 Pueblos ind\u00edgenas: tecnolog\u00eda, tradici\u00f3n y territorio.<\/p>\n<p><b>Salazar Anaya, Delia<\/b><br \/>\n\u0093 Mujeres y ni\u00f1os migrantes en M\u00e9xico, siglos XIX al XXI.<\/p>\n<p><b>San Juan Victoria, Carlos Leonel<\/b><br \/>\n\u0093 Bibliograf\u00eda comentada: propuestas y debates recientes sobre la historia contempor\u00e1nea.<\/p>\n<p><b>S\u00e1nchez Calleja, Ma. Eugenia<\/b><br \/>\n\u0093 Apuntes sobre la ense\u00f1anza del dibujo para ni\u00f1os y ni\u00f1as de escuelas primarias oficiales y particulares, durante el callismo y cardenismo. Ciudad de M\u00e9xico.<\/p>\n<p><b>Serv\u00edn Gonz\u00e1lez, Mar\u00eda Elisa<\/b><br \/>\n\u0093 La relaci\u00f3n entre Am\u00e9rica Latina y Estados Unidos desde la perspectiva de la &#8220;nueva izquierda&#8221; intelectual de los a\u00f1os sesenta.<\/p>\n<p><b>Sober\u00f3n Mora, Arturo<\/b><br \/>\n\u0093 Instituciones y elites intelectuales en el tr\u00e1nsito del porfirismo a la revoluci\u00f3n.<\/p>\n<p><b>Talavera Sol\u00f3rzano, Leticia<\/b><br \/>\n\u0093 El convento de Charo y su iconograf\u00eda.<\/p>\n<p><b>Ter\u00e1n Bonilla, Jos\u00e9 Antonio<\/b><br \/>\n\u0093 Arquitectura popular barroca en la regi\u00f3n Puebla-Tlaxcala.<\/p>\n<p><b>Ter\u00e1n Espinosa, Martha<\/b><br \/>\n\u0093 La extinci\u00f3n de las encomiendas perpetuas y vitalicias de la Nueva Espa\u00f1a, 1836-1934.<br \/>\n\u0093 Los bienes de comunidad de los indios tributarios de Michoac\u00e1n, 1792-1802.<\/p>\n<p><b>Torre Hern\u00e1ndez, Felipe Alejandro de la<\/b><br \/>\n\u0093 Atlas de la prensa anarquista iberoamericana, 1870-1921.<\/p>\n<p><b>Torre Villalpando, Guadalupe de la<\/b><br \/>\n\u0093 Estructura demogr\u00e1fica de la ciudad de M\u00e9xico seg\u00fan el padr\u00f3n de 1753.<\/p>\n<p><b>Tu\u00f1\u00f3n Pablos, Julia<\/b><br \/>\n\u0094 Historia de las mujeres en M\u00e9xico, siglos XIX y XX. Fase 2.<br \/>\n\u0094 El cine: Un mosaico poli\u00e9drico. Fase 2.<\/p>\n<p><b>Turner Rodr\u00edguez, Guillermo Gerardo<\/b><br \/>\n\u0093 Los guerreros y los letrados. La visi\u00f3n del mundo y la construcci\u00f3n de la memoria entre los soldados de la conquista.<\/p>\n<p><strong>Valdez Ch\u00e1vez, C\u00e9sar Enrique<\/strong><br \/>\n\u0093 Enemigos: violencia pol\u00edtica, vigilancia y control social en M\u00e9xico siglo XX.<\/p>\n<p><b>Valle Prieto Ortega, Ma. Eugenia Alejandra del<\/b><br \/>\n\u0093 Convenio Internacional sobre Aviaci\u00f3n Civil. Convenio de Chicago.<br \/>\n\u0093 El programa bracero (1942-1965) en la geopol\u00edtica de la guerra fr\u00eda.<br \/>\n\u0093 Historiograf\u00eda en el Caribe.<\/p>\n<p><b>Velasco Avila, Cuauht\u00e9moc<\/b><br \/>\n\u0093 La frontera \u00e9tnica en el septentri\u00f3n novohispano<br \/>\n\u0093 La documentaci\u00f3n familiar como patrimonio cultural.<\/p>\n<p><b>Venegas Aguilera, Lilia<\/b><br \/>\n\u0093 Activismo social en torno de la maternidad y sus met\u00e1foras.<\/p>\n<p><b>Villafuerte Garc\u00eda, Mar\u00eda de Lourdes<\/b><br \/>\n\u0093 El concepto de familia en la actualidad.<\/p>\n","protected":false},"excerpt":{"rendered":"<p>Acevedo Vald\u00e9s, Esther \u0094 Seminario sobre la visualidad mexicana en los siglos XIX y XX. Memoria y coleccionismo en la antigua Academia de San Carlos de M\u00e9xico a trav\u00e9s de las exposiciones de arte: un cat\u00e1logo digital del Cat\u00e1logo de Exposiciones de Manuel Romero de Terreros. Aguirre Anaya, Carlos \u0094&#8230; <a class=\"continue-reading-link\" href=\"https:\/\/estudioshistoricos.inah.gob.mx\/?page_id=11410\">Seguir leyendo<\/a><\/p>\n","protected":false},"author":2,"featured_media":0,"parent":15,"menu_order":3,"comment_status":"closed","ping_status":"closed","template":"","meta":{"footnotes":""},"class_list":["post-11410","page","type-page","status-publish","hentry"],"_links":{"self":[{"href":"https:\/\/estudioshistoricos.inah.gob.mx\/index.php?rest_route=\/wp\/v2\/pages\/11410","targetHints":{"allow":["GET"]}}],"collection":[{"href":"https:\/\/estudioshistoricos.inah.gob.mx\/index.php?rest_route=\/wp\/v2\/pages"}],"about":[{"href":"https:\/\/estudioshistoricos.inah.gob.mx\/index.php?rest_route=\/wp\/v2\/types\/page"}],"author":[{"embeddable":true,"href":"https:\/\/estudioshistoricos.inah.gob.mx\/index.php?rest_route=\/wp\/v2\/users\/2"}],"replies":[{"embeddable":true,"href":"https:\/\/estudioshistoricos.inah.gob.mx\/index.php?rest_route=%2Fwp%2Fv2%2Fcomments&post=11410"}],"version-history":[{"count":3,"href":"https:\/\/estudioshistoricos.inah.gob.mx\/index.php?rest_route=\/wp\/v2\/pages\/11410\/revisions"}],"predecessor-version":[{"id":11416,"href":"https:\/\/estudioshistoricos.inah.gob.mx\/index.php?rest_route=\/wp\/v2\/pages\/11410\/revisions\/11416"}],"up":[{"embeddable":true,"href":"https:\/\/estudioshistoricos.inah.gob.mx\/index.php?rest_route=\/wp\/v2\/pages\/15"}],"wp:attachment":[{"href":"https:\/\/estudioshistoricos.inah.gob.mx\/index.php?rest_route=%2Fwp%2Fv2%2Fmedia&parent=11410"}],"curies":[{"name":"wp","href":"https:\/\/api.w.org\/{rel}","templated":true}]}}