{"id":15,"date":"2014-12-10T01:22:41","date_gmt":"2014-12-10T01:22:41","guid":{"rendered":"http:\/\/estudioshistoricos.inah.gob.mx\/?page_id=15"},"modified":"2026-02-24T17:03:09","modified_gmt":"2026-02-24T23:03:09","slug":"investigadores","status":"publish","type":"page","link":"https:\/\/estudioshistoricos.inah.gob.mx\/?page_id=15","title":{"rendered":"Investigadores"},"content":{"rendered":"<p>Acevedo Vald\u00e9s, Mar\u00eda Esther<br \/>\nAguirre Anaya, Carlos<br \/>\nAlvarado G\u00f3mez, Antonio Armando<br \/>\n\u00c1lvarez de La Borda, Joel<br \/>\nArag\u00f3n Rangel, Mar\u00eda Eugenia<br \/>\nBalcazar G\u00f3mez, Nidia<br \/>\n<a href=\"https:\/\/estudioshistoricos.inah.gob.mx\/?p=7203\" target=\"_blank\" rel=\"noopener\">Battock, Clementina<\/a><br \/>\nBello Nu\u00f1ez, Silvia Lorena<br \/>\n<a href=\"https:\/\/estudioshistoricos.inah.gob.mx\/?p=7279\" target=\"_blank\" rel=\"noopener\">Blanco Alfaro, Jos\u00e9 Joaqu\u00edn<\/a><br \/>\n<a href=\"https:\/\/estudioshistoricos.inah.gob.mx\/?p=7285\" target=\"_blank\" rel=\"noopener noreferrer\">Bonilla Reyna, Helia Emma<\/a><br \/>\nBuenrostro S\u00e1nchez, H\u00e9ctor<br \/>\nCamarena Ocampo, Mario<br \/>\n<a href=\"https:\/\/estudioshistoricos.inah.gob.mx\/?p=7335\" target=\"_blank\" rel=\"noopener noreferrer\">Cano S\u00e1nchez, Beatriz<\/a><br \/>\nCasanova Garc\u00eda, Rosa Edelmira<br \/>\nCastro Orozco, Mar\u00eda Oliva<br \/>\nCottom Ul\u00edn, Bolfy Efra\u00edn<br \/>\nCh\u00e1vez G\u00f3mez, Jos\u00e9 Manuel Antonio<br \/>\nD\u00e1valos L\u00f3pez, Marcela<br \/>\nD\u00edaz Frene, Jaddiel<br \/>\nDur\u00e1n Sol\u00eds, Leonel<br \/>\nEchenique March, Felipe Ignacio<br \/>\nEscobar Toledo, Sa\u00fal Alfonso<br \/>\nFlores Clair, Eduardo<br \/>\nGay\u00f3n C\u00f3rdova, Mar\u00eda<br \/>\nG\u00f3mez y Dom\u00ednguez, Guadalupe<br \/>\nGonz\u00e1lez Marmolejo, Jorge Ren\u00e9<br \/>\n<a href=\"https:\/\/estudioshistoricos.inah.gob.mx\/?p=7340\" target=\"_blank\" rel=\"noopener noreferrer\">Gonz\u00e1lez Torres, Annia<\/a><br \/>\nGuti\u00e9rrez L\u00f3pez, Edgar Omar<br \/>\nHern\u00e1ndez Galindo, Sergio<br \/>\nHern\u00e1ndez Lucas, M. Rams\u00e9s<br \/>\nHern\u00e1ndez Vicencio, Tania<br \/>\nHerrera Canales, In\u00e9s Mar\u00eda<br \/>\nLeyva P\u00e9rez Gay, Jos\u00e9 Mariano<br \/>\nLoera Ch\u00e1vez y Peniche, Margarita<br \/>\nL\u00f3pez Hern\u00e1ndez, Haydee<br \/>\nLugo Ol\u00edn, Mar\u00eda Concepci\u00f3n<br \/>\n<a href=\"https:\/\/estudioshistoricos.inah.gob.mx\/?p=7350\" target=\"_blank\" rel=\"noopener noreferrer\">Maqu\u00edvar Maqu\u00edvar, Mar\u00eda del Consuelo<\/a><br \/>\nMart\u00ednez Avalos, Leopoldo<br \/>\nMart\u00ednez Baracs, Rodrigo<br \/>\nMatamala Vivanco, Juan Fernando<br \/>\nMelesio Nolasco, Jos\u00e9 Carlos<br \/>\nMendoza \u00c1viles, Mayra Soledad<br \/>\nMen\u00e9ndez di Pardo, Nadia<br \/>\nMeyer Cos\u00edo, Rosa Mar\u00eda<br \/>\nMonroy Nasr, Rebeca<br \/>\n<a href=\"https:\/\/estudioshistoricos.inah.gob.mx\/?p=7355\" target=\"_blank\" rel=\"noopener noreferrer\">Necoechea Gracia, Gerardo<\/a><br \/>\nOrd\u00f3nez Alonso, Magdalena<br \/>\nOrtega Gonz\u00e1lez, Carlos Alberto<br \/>\nPalma Mora, M\u00f3nica Dolores<br \/>\nParra Campos, Alma Laura<br \/>\nP\u00e9rez Alfaro, Magdalena<br \/>\nP\u00e9rez Arce Ibarra, Francisco<br \/>\nPulido Llano, Gabriela<br \/>\nRamos Hoyos, Mar\u00eda Jos\u00e9<br \/>\nRamos Soriano, Jos\u00e9 Abel<br \/>\nReina Aoyama, Leticia Mayola<br \/>\n<a href=\"https:\/\/estudioshistoricos.inah.gob.mx\/?p=7358\" target=\"_blank\" rel=\"noopener noreferrer\">Reyna y P\u00e9rez, Mar\u00eda del Carmen<\/a><br \/>\nRibera Carb\u00f3, Anna<br \/>\n<a href=\"https:\/\/estudioshistoricos.inah.gob.mx\/?p=7360\" target=\"_blank\" rel=\"noopener noreferrer\">Rivas Mata, Emma<\/a><br \/>\nRivera Mendoza, Claudia Tania<br \/>\nRos Torres, Mar\u00eda Amparo<br \/>\nRueda Smithers, Salvador<br \/>\nSaborit Garc\u00eda Pe\u00f1a, Antonio<br \/>\nSalazar Anaya, Delia<br \/>\nSan Juan Victoria, Carlos Leonel<br \/>\nS\u00e1nchez Calleja, Mar\u00eda Eugenia<br \/>\n<a href=\"https:\/\/estudioshistoricos.inah.gob.mx\/wp-content\/uploads\/servin-perfil.pdf\" target=\"_blank\" rel=\"noopener noreferrer\">Serv\u00edn Gonz\u00e1lez, Mar\u00eda Elisa<\/a><br \/>\nSober\u00f3n Mora, Arturo<br \/>\nTalavera Solorzano, Elsa Leticia<br \/>\nTer\u00e1n Bonilla, Jos\u00e9 Antonio<br \/>\nTer\u00e1n Espinoza, Marta<br \/>\nTorre Hern\u00e1ndez, Felipe Alejandro de la<br \/>\nTorre Villalpando, Mar\u00eda Guadalupe de la<br \/>\n<a href=\"https:\/\/estudioshistoricos.inah.gob.mx\/wp-content\/uploads\/tu\u00f1on-enriqueta.pdf\" target=\"_blank\" rel=\"noopener noreferrer\">Tu\u00f1\u00f3n Pablos, Julia<\/a><br \/>\nTurner Rodr\u00edguez, Guillermo Gerardo<br \/>\nValdez Ch\u00e1vez, C\u00e9sar Enrique<br \/>\nValle Prieto Ortega, Mar\u00eda Eugenia del<br \/>\nVelasco \u00c1vila, Cuauht\u00e9moc<br \/>\nVenegas Aguilera, Lilia<br \/>\nVillafuerte Garc\u00eda, Mar\u00eda de Lourdes<br \/>\nYanes Rizo, Emma<\/p>\n","protected":false},"excerpt":{"rendered":"<p>Acevedo Vald\u00e9s, Mar\u00eda Esther Aguirre Anaya, Carlos Alvarado G\u00f3mez, Antonio Armando \u00c1lvarez de La Borda, Joel Arag\u00f3n Rangel, Mar\u00eda Eugenia Balcazar G\u00f3mez, Nidia Battock, Clementina Bello Nu\u00f1ez, Silvia Lorena Blanco Alfaro, Jos\u00e9 Joaqu\u00edn Bonilla Reyna, Helia Emma Buenrostro S\u00e1nchez, H\u00e9ctor Camarena Ocampo, Mario Cano S\u00e1nchez, Beatriz Casanova Garc\u00eda, Rosa Edelmira&#8230; <a class=\"continue-reading-link\" href=\"https:\/\/estudioshistoricos.inah.gob.mx\/?page_id=15\">Seguir leyendo<\/a><\/p>\n","protected":false},"author":1,"featured_media":0,"parent":0,"menu_order":3,"comment_status":"closed","ping_status":"closed","template":"","meta":{"footnotes":""},"class_list":["post-15","page","type-page","status-publish","hentry"],"_links":{"self":[{"href":"https:\/\/estudioshistoricos.inah.gob.mx\/index.php?rest_route=\/wp\/v2\/pages\/15","targetHints":{"allow":["GET"]}}],"collection":[{"href":"https:\/\/estudioshistoricos.inah.gob.mx\/index.php?rest_route=\/wp\/v2\/pages"}],"about":[{"href":"https:\/\/estudioshistoricos.inah.gob.mx\/index.php?rest_route=\/wp\/v2\/types\/page"}],"author":[{"embeddable":true,"href":"https:\/\/estudioshistoricos.inah.gob.mx\/index.php?rest_route=\/wp\/v2\/users\/1"}],"replies":[{"embeddable":true,"href":"https:\/\/estudioshistoricos.inah.gob.mx\/index.php?rest_route=%2Fwp%2Fv2%2Fcomments&post=15"}],"version-history":[{"count":52,"href":"https:\/\/estudioshistoricos.inah.gob.mx\/index.php?rest_route=\/wp\/v2\/pages\/15\/revisions"}],"predecessor-version":[{"id":17251,"href":"https:\/\/estudioshistoricos.inah.gob.mx\/index.php?rest_route=\/wp\/v2\/pages\/15\/revisions\/17251"}],"wp:attachment":[{"href":"https:\/\/estudioshistoricos.inah.gob.mx\/index.php?rest_route=%2Fwp%2Fv2%2Fmedia&parent=15"}],"curies":[{"name":"wp","href":"https:\/\/api.w.org\/{rel}","templated":true}]}}