{"id":23,"date":"2014-12-10T01:31:00","date_gmt":"2014-12-10T01:31:00","guid":{"rendered":"http:\/\/estudioshistoricos.inah.gob.mx\/?page_id=23"},"modified":"2024-03-05T17:19:16","modified_gmt":"2024-03-05T23:19:16","slug":"directorio","status":"publish","type":"page","link":"https:\/\/estudioshistoricos.inah.gob.mx\/?page_id=23","title":{"rendered":"Directorio"},"content":{"rendered":"<div align=\"left\">\n<p><big><\/big><big><b>INSTITUTO NACIONAL DE ANTROPOLOG\u00cdA E HISTORIA<\/b><\/big><\/p>\n<p><b>DIREC<\/b><strong>TOR<\/strong> <b>GENERAL<i><br \/>\n<\/i><\/b><i>Diego Prieto Hern\u00e1ndez<br \/>\n<\/i><\/p>\n<p><b>SECRETARIO ADMINISTRATIVO<\/b><br \/>\n<i>Pedro Vel\u00e1zquez<br \/>\n<\/i><\/p>\n<\/div>\n<p><b>SECRETARIO T\u00c9CNICO<\/b><br \/>\n<i>Jos\u00e9 Luis Perea Gonz\u00e1lez<\/i><\/p>\n<p><b>DIRECCI\u00d3N DE ESTUDIOS HIST\u00d3RICOS<\/b><br \/>\n<i>Delia Salazar Anaya<\/i><\/p>\n<p><b>SUBDIRECCI\u00d3N DE INVESTIGACIONES HIST\u00d3RICAS<br \/>\n<\/b><i>Antonio Armando Alvarado G\u00f3mez<\/i><\/p>\n<p><b>SUBDIRECCI\u00d3N DE HISTORIA CONTEMPOR\u00c1NEA<br \/>\n<\/b><i>Felipe Alejandro de la Torres Hern\u00e1ndez<br \/>\n<\/i><b><br \/>\nSUBDIRECCI\u00d3N DE INFORMACI\u00d3N Y BIBLIOTECA<\/b><br \/>\n<b>&#8220;MANUEL OROZCO Y BERRA&#8221;<\/b><br \/>\n<i>Mar\u00eda Esther Jasso S\u00e1enz<\/i><\/p>\n<p><b>SUBDIRECCI\u00d3N ADMINISTRATIVA<\/b><br \/>\n<i>Francisco Cruz Ugarte<\/i><\/p>\n<p><b>ADMINISTRACI\u00d3N WEB-DEH<\/b><br \/>\n<i>Juana In\u00e9s Fern\u00e1ndez L\u00f3pez<\/i><br \/>\n__________________________________<\/p>\n<p style=\"text-align: center;\"><b>Directorio Telef\u00f3nico<\/b><\/p>\n<p>&nbsp;<\/p>\n<p>&nbsp;<\/p>\n<table style=\"height: 722px;\" border=\"1\" width=\"480\" cellspacing=\"0\" cellpadding=\"3\" align=\"center\">\n<tbody>\n<tr>\n<td>\n<div><\/div>\n<div><\/div>\n<div class=\"Texto\"><strong>Conmutador<\/strong><\/div>\n<\/td>\n<td>\n<div><\/div>\n<div><\/div>\n<div><\/div>\n<div><\/div>\n<div><\/div>\n<div><\/div>\n<div><\/div>\n<div><\/div>\n<div><\/div>\n<div><\/div>\n<div><\/div>\n<div>55 4166 0780<\/div>\n<div>55 4166 0784<\/div>\n<div><\/div>\n<div><\/div>\n<div><\/div>\n<div><\/div>\n<div><\/div>\n<div><\/div>\n<div class=\"Texto\"><\/div>\n<div><\/div>\n<div><\/div>\n<div><\/div>\n<\/td>\n<\/tr>\n<tr>\n<td width=\"328\">\n<div class=\"Texto\">Direcci\u00f3n<\/div>\n<\/td>\n<td width=\"127\">\n<div class=\"Texto\">Ext. 411003<\/div>\n<\/td>\n<\/tr>\n<tr>\n<td>\n<div class=\"Texto\">Subdirecci\u00f3n Historia Contempor\u00e1nea<\/div>\n<\/td>\n<td>\n<div class=\"Texto\">Ext. 411008<\/div>\n<\/td>\n<\/tr>\n<tr>\n<td>\n<div class=\"Texto\">Subdirecci\u00f3n Investigaciones Hist\u00f3ricas<\/div>\n<\/td>\n<td>\n<div class=\"Texto\">Ext. 411006<\/div>\n<\/td>\n<\/tr>\n<tr>\n<td>\n<div class=\"Texto\">Asistente Direcci\u00f3n<\/div>\n<\/td>\n<td>\n<div class=\"Texto\">Ext. 411004<\/div>\n<\/td>\n<\/tr>\n<tr>\n<td>\n<div class=\"Texto\">Asistente Historia Contempor\u00e1nea<\/div>\n<\/td>\n<td>\n<div class=\"Texto\">Ext. 411009<\/div>\n<\/td>\n<\/tr>\n<tr>\n<td>\n<div class=\"Texto\">Asistente Investigaciones Hist\u00f3ricas<\/div>\n<\/td>\n<td>\n<div class=\"Texto\">Ext. 411007<\/div>\n<\/td>\n<\/tr>\n<tr>\n<td>\n<div class=\"Texto\">Subdirecci\u00f3n Administrativa<\/div>\n<\/td>\n<td>\n<div class=\"Texto\">Ext. 411010<\/div>\n<\/td>\n<\/tr>\n<tr>\n<td>\n<div class=\"Texto\">Administraci\u00f3n<\/div>\n<\/td>\n<td>\n<div class=\"Texto\">Ext. 411013<\/div>\n<\/td>\n<\/tr>\n<tr>\n<td>\n<div class=\"Texto\">Biblioteca<\/div>\n<\/td>\n<td>\n<div class=\"Texto\">Ext. 411025<\/div>\n<\/td>\n<\/tr>\n<tr>\n<td>\n<div class=\"Texto\">Difusi\u00f3n<\/div>\n<\/td>\n<td>\n<div class=\"Texto\">Ext. 411015<\/div>\n<\/td>\n<\/tr>\n<\/tbody>\n<\/table>\n<p><center><\/center><center><\/center><center><\/center><center><\/center><center><b>Direcci\u00f3n correos electr\u00f3nicos<\/b><\/center><\/p>\n<table border=\"1\" cellspacing=\"0\" cellpadding=\"3\" align=\"center\">\n<tbody>\n<tr>\n<td>\n<div class=\"Texto\">Direcci\u00f3n de Estudios Hist\u00f3ricos<\/div>\n<\/td>\n<td>\n<div class=\"Texto\">direccion.deh @ inah.gob.mx<\/div>\n<\/td>\n<\/tr>\n<tr>\n<td>\n<div class=\"Texto\">Subdirecci\u00f3n de Historia Contempor\u00e1nea<\/div>\n<\/td>\n<td>\n<div class=\"Texto\">contemporanea.deh @ inah.gob.mx<\/div>\n<\/td>\n<\/tr>\n<tr>\n<td width=\"328\">\n<div class=\"Texto\">Subdirecci\u00f3n de Investigaciones Hist\u00f3ricas<\/div>\n<\/td>\n<td>\n<div class=\"Texto\">colonial.deh @ inah.gob.mx<\/div>\n<\/td>\n<\/tr>\n<tr>\n<td>\n<div class=\"Texto\">Biblioteca Manuel Orozco y Berra<\/div>\n<\/td>\n<td>\n<div class=\"Texto\">biblioteca.deh @ inah.gob.mx<\/div>\n<\/td>\n<\/tr>\n<\/tbody>\n<\/table>\n","protected":false},"excerpt":{"rendered":"<p>INSTITUTO NACIONAL DE ANTROPOLOG\u00cdA E HISTORIA DIRECTOR GENERAL Diego Prieto Hern\u00e1ndez SECRETARIO ADMINISTRATIVO Pedro Vel\u00e1zquez SECRETARIO T\u00c9CNICO Jos\u00e9 Luis Perea Gonz\u00e1lez DIRECCI\u00d3N DE ESTUDIOS HIST\u00d3RICOS Delia Salazar Anaya SUBDIRECCI\u00d3N DE INVESTIGACIONES HIST\u00d3RICAS Antonio Armando Alvarado G\u00f3mez SUBDIRECCI\u00d3N DE HISTORIA CONTEMPOR\u00c1NEA Felipe Alejandro de la Torres Hern\u00e1ndez SUBDIRECCI\u00d3N DE INFORMACI\u00d3N Y&#8230; <a class=\"continue-reading-link\" href=\"https:\/\/estudioshistoricos.inah.gob.mx\/?page_id=23\">Seguir leyendo<\/a><\/p>\n","protected":false},"author":1,"featured_media":0,"parent":0,"menu_order":4,"comment_status":"closed","ping_status":"closed","template":"","meta":{"footnotes":""},"class_list":["post-23","page","type-page","status-publish","hentry"],"_links":{"self":[{"href":"https:\/\/estudioshistoricos.inah.gob.mx\/index.php?rest_route=\/wp\/v2\/pages\/23","targetHints":{"allow":["GET"]}}],"collection":[{"href":"https:\/\/estudioshistoricos.inah.gob.mx\/index.php?rest_route=\/wp\/v2\/pages"}],"about":[{"href":"https:\/\/estudioshistoricos.inah.gob.mx\/index.php?rest_route=\/wp\/v2\/types\/page"}],"author":[{"embeddable":true,"href":"https:\/\/estudioshistoricos.inah.gob.mx\/index.php?rest_route=\/wp\/v2\/users\/1"}],"replies":[{"embeddable":true,"href":"https:\/\/estudioshistoricos.inah.gob.mx\/index.php?rest_route=%2Fwp%2Fv2%2Fcomments&post=23"}],"version-history":[{"count":34,"href":"https:\/\/estudioshistoricos.inah.gob.mx\/index.php?rest_route=\/wp\/v2\/pages\/23\/revisions"}],"predecessor-version":[{"id":11101,"href":"https:\/\/estudioshistoricos.inah.gob.mx\/index.php?rest_route=\/wp\/v2\/pages\/23\/revisions\/11101"}],"wp:attachment":[{"href":"https:\/\/estudioshistoricos.inah.gob.mx\/index.php?rest_route=%2Fwp%2Fv2%2Fmedia&parent=23"}],"curies":[{"name":"wp","href":"https:\/\/api.w.org\/{rel}","templated":true}]}}