{"id":28,"date":"2014-12-10T01:37:01","date_gmt":"2014-12-10T01:37:01","guid":{"rendered":"http:\/\/estudioshistoricos.inah.gob.mx\/?page_id=28"},"modified":"2025-04-08T13:02:41","modified_gmt":"2025-04-08T18:02:41","slug":"lineas-de-investigacion","status":"publish","type":"page","link":"https:\/\/estudioshistoricos.inah.gob.mx\/?page_id=28","title":{"rendered":"L\u00edneas de investigaci\u00f3n"},"content":{"rendered":"<p><span class=\"Texto\"><b>Acevedo Vald\u00e9s, Esther<\/b><br \/>\n\u0094 Seminario sobre la visualidad mexicana en los siglos XIX y XX. &#8220;Waldeck de ingeniero de minas a anticuario&#8221;.<\/span><\/p>\n<p><b>Aguirre Anaya, Carlos<\/b><br \/>\n\u0094 La Ciudad de M\u00e9xico y sus representaciones cartogr\u00e1ficas desde finales del siglo XVIII hasta principios del siglo XX.<\/p>\n<p><b>Alvarado G\u00f3mez, Armando<\/b><br \/>\n\u0094 Proyectos para el arreglo del ej\u00e9rcito mexicano y de su Plana Mayor, 1845-1848.<\/p>\n<p><strong>\u00c1lvarez de la Borda, Joel<\/strong><br \/>\n\u0094 Rieles en las calles: la compa\u00f1\u00eda de tranv\u00edas de M\u00e9xico, 1907-1945.<\/p>\n<p><b>Arag\u00f3n Rangel, Ma. Eugenia<\/b><br \/>\n\u0093 De un siglo a otro: residencias porfirianas en la ciudad de M\u00e9xico.<\/p>\n<p><strong>Battcock, Clementina Lisi<\/strong><br \/>\n\u0094 Cr\u00f3nicas Novohispanas y Andinas.<\/p>\n<p><b>Blanco Alfaro, Jos\u00e9 Joaqu\u00edn<\/b><br \/>\n\u0094 Ensayistas y cronistas literarios mexicanos del siglo XIX.<\/p>\n<p><strong>Bonilla Reyna, <\/strong><strong>Helia Emma<\/strong><br \/>\n\u0094 Temas y problemas de la imagen impresa en M\u00e9xico en el siglo XIX y principios del XX.<\/p>\n<p><span class=\"Texto\"><b>Camarena Ocampo, Mario<\/b><br \/>\n\u0093 Barrios obreros de la ciudad de M\u00e9xico.<\/span><br \/>\n<span class=\"Texto\">\u0093 <\/span>Los pueblos de Tlalpan en el siglo XX.<br \/>\n<span class=\"Texto\">\u0093 <\/span>Historia de los Movimientos Sociales Am\u00e9rica Latina.<\/p>\n<p><b>Cano S\u00e1nchez, Beatriz Luc\u00eda<\/b><br \/>\n\u0094 Enfermedades epidemiol\u00f3gicas en el periodo revolucionario: el caso de la influenza espa\u00f1ola.<br \/>\n\u0094 Literatura, historia y pol\u00edtica en la obra de Hilari\u00f3n Fr\u00edas y Soto.<\/p>\n<p><strong>Casanova Garc\u00eda, Rosa Edelmira<\/strong><br \/>\n\u0094 Estudios sobre la visualidad mexicana en los siglos XIX y XX.<\/p>\n<p><b>Castro Orozco, Oliva<\/b><br \/>\n\u0093 La delincuencia femenina durante el porfiriato en el estado de M\u00e9xico.<\/p>\n<p><b>Cottom Ul\u00edn, Bolfy Efra\u00edn<\/b><br \/>\n\u0093 Patrimonio cultural: antropolog\u00eda, historia y legislaci\u00f3n.<\/p>\n<p><b>Ch\u00e1vez G\u00f3mez, Jos\u00e9 Manuel Antonio<\/b><br \/>\n\u0093 El camino de ladrillos y serpientes de San Vicente Ferrer. La Orden de Predicadores en la Provincia de Chiapa durante el siglo XVI.<br \/>\n\u0093 U May K\u00e9el. La huella del venado a trav\u00e9s del tiempo en el \u00e1rea maya. Simbolismo e implicaciones.<br \/>\n\u0093 A trav\u00e9s de la cruz y el sol. Socializaciones entre mayas y franciscanos en la pen\u00ednsula de Yucat\u00e1n durante el virreinato.<br \/>\n\u0093 Edici\u00f3n cr\u00edtica de la Cr\u00f3nica de la Provincia del Sant\u00edsimo Nombre de Jes\u00fas de Guatemala de la Orden de<br \/>\nNuestro Padre San Francisco en el Reino de la Nueva Espa\u00f1a (cuatro vol\u00famenes).<br \/>\n\u0093 El impacto de la Guerra de Castas en el patrimonio hist\u00f3rico y religioso de la pen\u00ednsula de Yucat\u00e1n.<\/p>\n<p><b>D\u00e1valos L\u00f3pez, Marcela<\/b><br \/>\n\u0093 C\u00f3digos de comunicaci\u00f3n y pr\u00e1cticas culturales en la ciudad de M\u00e9xico. Siglos XVIII y XIX (Etapa III).<\/p>\n<p><strong>Diaz Frene, Jaddiel<\/strong><br \/>\n\u0093 Fon\u00f3grafos imperiales y voces nacionales. La historia de un pa\u00eds en cera dura (M\u00e9xico, 1877-1910).<br \/>\n\u0093 Fotograf\u00eda, cultura impresa y memoria. La historia de Cuba y M\u00e9xico desde un archivo familiar.<\/p>\n<p><strong>Dur\u00e1n Solis, Mois\u00e9s Leonel<\/strong><br \/>\n\u0093 Liberales mexicanos, espiritistas y revolucionarios (1893-1913).<\/p>\n<p><b>Echenique March, Felipe Ignacio<\/b><br \/>\n\u0093 Andamios para las bibliotecas mexicanas. Los cimientos en la construcci\u00f3n del imaginario colectivo de lo<br \/>\nmexicano en los siglos XVIII y XIX. Ensayo bio-bibliogr\u00e1fico, con un \u00edndice de \u00edndices que ayude a estudiar la<br \/>\ncuesti\u00f3n.<\/p>\n<p><b>Escobar Toledo, Sa\u00fal Alonso<\/b><br \/>\n\u0093 Rescate y conservaci\u00f3n del archivo hist\u00f3rico del Sindicato \u00danico de Trabajadores Electricistas de la Rep\u00fablica Mexicana (SUTERM).<\/p>\n<p><b>Flores Clair, Eduardo<\/b><br \/>\n\u0093 Fuentes para el estudio de la industria minera, siglos XVI a XIX.<br \/>\n\u0093 Los t\u00e9cnicos sajones y la industria minera en Nueva Espa\u00f1a 1780-1821.<\/p>\n<p><b>Gay\u00f3n C\u00f3rdoba, Mar\u00eda<\/b><br \/>\n\u0093 Atlas del distrito federal 1848<\/p>\n<p><strong>G\u00f3mez y Dom\u00ednguez, Guadalupe<\/strong><br \/>\n\u0093 Investigaci\u00f3n Hist\u00f3rica, documental y de campo en el \u00e1rea del valle de Toluca hasta Michoac\u00e1n.<br \/>\n\u0093 Investigaci\u00f3n hist\u00f3rica, social, religiosa, simb\u00f3lica, iconogr\u00e1fica e iconol\u00f3gica del convento franciscano de San Miguel Zinacantepec siglos XVI y XVII, en el valle de Toluca, Estado de M\u00e9xico.<br \/>\n\u0093 Las relaciones de la Orden franciscana con los Encomenderos de Zinacantepec.<br \/>\n\u0093 An\u00e1lisis de mapas\u00a0 y c\u00f3dices del \u00e1rea del Valle de Toluca.<\/p>\n<p><b>Gonz\u00e1lez Marmolejo, Jorge Ren\u00e9<\/b><br \/>\n\u0093 La vida cotidiana en las misiones de los colegios de propaganda FIDE siglo XVIII<\/p>\n<p><strong>Gonz\u00e1lez Torres, Annia<\/strong><br \/>\n\u0093 Entre tradici\u00f3n y modernidad: las reformas borb\u00f3nicas y la religiosidad popular en el Valle del Mezquital<br \/>\n(1760-1810)<\/p>\n<p><span class=\"Texto\"><b>Guti\u00e9rrez L\u00f3pez, Edgar Omar<\/b><br \/>\n\u0093 Placeres, zangarros y viandantes. Sonora como negocio 1765-1794.<\/span><\/p>\n<p><b>Hern\u00e1ndez Galindo, Sergio<\/b><br \/>\n\u0093 La comunidad japonesa en M\u00e9xico y Am\u00e9rica Latina 1897-2020.<\/p>\n<p><strong>Hern\u00e1ndez Lucas, Mauricio Rams\u00e9s<\/strong><br \/>\n<span class=\"Texto\">\u0093 <\/span>Historia forestal en el Iztacc\u00edhuatl y el Popocat\u00e9petl: Amecameca 1930-1970.<\/p>\n<p><b>Hern\u00e1ndez Vicencio, Tania<\/b><br \/>\n\u0093 \u00c9lites y representaci\u00f3n pol\u00edtica.<br \/>\n\u0093 Otras miradas sobre la historia nacional.<\/p>\n<p><b>Herrera Canales, In\u00e9s Mar\u00eda<\/b><br \/>\n\u0094 El molino chileno de minerales.<\/p>\n<p><b>Leyva P\u00e9rez Gay, Jos\u00e9 Mariano<\/b><br \/>\n\u0093 De la revista Le decasdent a la revista Moderna (1896-1902). La herencia de los c\u00edrculos literarios del decadentismo moderno franc\u00e9s en M\u00e9xico.<\/p>\n<p><b>Loera Ch\u00e1vez y Peniche, Margarita<\/b><br \/>\n\u0093 Conservaci\u00f3n del Patrimonio Cultural y Ecol\u00f3gico en los Volcanes. Historia agraria en el Nevado de Toluca, el Iztacc\u00edhuatl y el Popocat\u00e9petl.<\/p>\n<p><strong>L\u00f3pez Hern\u00e1ndez, Hayde\u00e9<\/strong><br \/>\n\u0093 Historia de la Antropolog\u00eda y la Arqueolog\u00eda en M\u00e9xico.<\/p>\n<p><b>Lugo Ol\u00edn, Concepci\u00f3n<\/b><br \/>\n\u0093 Literatura religiosa y funeraria en M\u00e9xico. Siglos XVI al XX.<\/p>\n<p><b>Maqu\u00edvar Maqu\u00edvar, Mar\u00eda del Consuelo<\/b><br \/>\n\u0093 La pr\u00e1ctica religiosa en la Nueva Espa\u00f1a.<\/p>\n<p><b>Mart\u00ednez Baracs, Rodrigo<\/b><br \/>\n\u0093 Historiograf\u00eda ling\u00fc\u00edstica, bibliogr\u00e1fica y literaria.<br \/>\n\u0093 Historias e historiadores de M\u00e9xico.<\/p>\n<p><b>Matamala Vivanco, Juan<\/b><br \/>\n\u0093 La casa de moneda de Zacatecas 1810-1905.<\/p>\n<p><b>Melesio Nolasco, Jos\u00e9 Carlos<\/b><br \/>\n\u0093 Historia de\u00a0M\u00e9xico contempor\u00e1neo.<\/p>\n<p><strong>Men\u00e9ndez di Pardo, Nadia<\/strong><br \/>\n\u0093 Criminalidad, vicios, enfermedad, alcoholismo y seguridad entre 1870 y 1910 en la ciudad de M\u00e9xico:<br \/>\narticulaci\u00f3n entre poderes m\u00e9dicos y policiales.<\/p>\n<p><b>Meyer Cos\u00edo, Rosa Mar\u00eda<\/b><br \/>\n\u0093 Los empresarios y su correspondencia. segunda etapa: Nicanor Beistegui y otros empresarios en la<br \/>\ncorrespondencia de Mariano Riva Palacio.<\/p>\n<p><b>Monroy Nasr, Rebeca<\/b><br \/>\n\u0093 La Mirada Documental.<br \/>\n\u0093 Revista Historias.<\/p>\n<p><b>Necoechea Gracia, Gerardo<\/b><br \/>\n\u0093 Cultura, izquierda pol\u00edtica y trabajadores, 1950-1990.<br \/>\n\u0093 Prensa de izquierda.<\/p>\n<p><b>Ord\u00f3\u00f1ez Alonso, Ma. Magdalena<\/b><br \/>\n\u0093 Caracter\u00edsticas del exilio espa\u00f1ol en M\u00e9xico, 1939-1940.<\/p>\n<p><strong>Ortega Gonz\u00e1lez, Carlos Alberto<\/strong><br \/>\n\u0093 Geograf\u00eda de la deuda. Espacio, actores e instituciones en la Ciudad de M\u00e9xico, siglo XIX.<\/p>\n<p><b>Palma Mora, M\u00f3nica Dolores<\/b><br \/>\n\u0093 Extranjeros residentes en la Ciudad de Oaxaca entre 1960 y 2010. Testimonios. (Proyecto de continuidad correspondiente a Cuatro d\u00e9cadas de estadounidenses en M\u00e9xico. Un compendio hist\u00f3rico de su migraci\u00f3n 1945-1980).<\/p>\n<p><b>Parra Campos, Alma Laura<\/b><br \/>\n\u0094 Influencia brit\u00e1nica en la miner\u00eda mexicana.<br \/>\n\u0094 Redes internacionales de distribuci\u00f3n de insumos para la miner\u00eda mexicana.<\/p>\n<p><strong>P\u00e9rez Alfaro, Mar\u00eda Magdalena<\/strong><br \/>\n\u0094 El turismo en el proyecto cultural del estado-naci\u00f3n posrevolucionario 1921-1941.<br \/>\n\u0094 Movimientos sociales, memoria e historia del tiempo presente.<\/p>\n<p><span class=\"Texto\"><b>P\u00e9rez-Arce Ibarra, Francisco<\/b><br \/>\n\u0093 Movimientos sociales y cambio pol\u00edtico, 1968-2000.<\/span><\/p>\n<p><b>Pulido Llano, Gabriela<\/b><br \/>\n\u0093 Nostalgia insular: testimonios cubanos en M\u00e9xico, 1960-2004.<br \/>\n\u0094 Migraci\u00f3n art\u00edstica cubana a M\u00e9xico, 1920-1950.<\/p>\n<p><strong>Ramos Hoyos, Mar\u00eda Jos\u00e9<\/strong><br \/>\n\u0093 Historia de la edici\u00f3n literaria en M\u00e9xico en el siglo XX.<br \/>\n\u0093 La ruptura visual en la composici\u00f3n tipogr\u00e1fica del texto como recurso est\u00e9tico en la narrativa publicada en M\u00e9xico (1960-1980).<\/p>\n<p><b>Ramos Soriano, Jos\u00e9 Abel<\/b><br \/>\n\u0093 Historia del libro en la Nueva Espa\u00f1a.<\/p>\n<p><b>Reina Aoyama, Leticia<\/b><br \/>\n\u0093 Cultura pol\u00edtica y formas de representaci\u00f3n ind\u00edgena. Siglo XIX los pueblos de la ciudad de M\u00e9xico a finales del siglo XIX.<\/p>\n<p><b>Reyna P\u00e9rez, Ma. Del Carmen<\/b><br \/>\n\u0093 Haciendas de Narvarte y Portales.<\/p>\n<p><b>Ribera Carb\u00f3, Anna<\/b><br \/>\n\u0093 Historia pol\u00edtica y social de la Revoluci\u00f3n mexicana. (Cultura pol\u00edtica obrera y educaci\u00f3n anarquista).<\/p>\n<p><b>Rivas Mata, Emma<\/b><br \/>\n\u0093 Letra y letrados. Correspondencia de Joaqu\u00edn Garc\u00eda Icazbalceta.<\/p>\n<p><b>Rojas Loa Ojeda, Jos\u00e9 Antonio<\/b><br \/>\n\u0093 Etnobot\u00e1nica de la regi\u00f3n de Malinalco, Edo. de M\u00e9xico.<br \/>\n\u0093 Antropolog\u00eda social .<\/p>\n<p><b>Ros Torres, Ma. Amparo<\/b><br \/>\n\u0093 Espacio social de la familia: tabaqueros en el siglo XVIII.<\/p>\n<p><b>Rueda Smithers, Salvador<\/b><br \/>\n\u0093Memoria zapatista y la construcci\u00f3n del sentido de la historia.<\/p>\n<p><b>Ruiz Medrano, Ethelia<br \/>\n<\/b>\u0093 Justicia y negociaci\u00f3n ind\u00edgena en la Mixteca Alta, siglos XVI al XXI.<\/p>\n<p><b>Saborit Garc\u00eda-Pe\u00f1a, Antonio<\/b><br \/>\n\u0093 Ensayo biogr\u00e1fico de Marius de Zayas.<\/p>\n<p><b>Salazar Anaya, Delia<\/b><br \/>\n\u0093 Memorias de la infancia y la familia en M\u00e9xico, siglos XIX y XX.<\/p>\n<p><b>San Juan Victoria, Carlos Leonel<\/b><br \/>\n\u0093 Bibliograf\u00eda comentada: propuestas y debates recientes sobre la historia contempor\u00e1nea.<\/p>\n<p><b>S\u00e1nchez Calleja, Ma. Eugenia<\/b><br \/>\n\u0093 Ni\u00f1os y ni\u00f1as: fantas\u00eda del juego y universo del juguete.<\/p>\n<p><b>Serv\u00edn Gonz\u00e1lez, Mar\u00eda Elisa<\/b><br \/>\n\u0093 La relaci\u00f3n entre Am\u00e9rica Latina y Estados Unidos desde la perspectiva de la &#8220;nueva izquierda&#8221; intelectual de los a\u00f1os sesenta.<\/p>\n<p><b>Sober\u00f3n Mora, Arturo<\/b><br \/>\n\u0093 Instituciones y \u00e9lites intelectuales en el tr\u00e1nsito del porfirismo a la revoluci\u00f3n.<\/p>\n<p><b>Talavera Sol\u00f3rzano, Leticia<\/b><br \/>\n\u0093 El convento de Charo y su iconograf\u00eda.<\/p>\n<p><b>Ter\u00e1n Bonilla, Jos\u00e9 Antonio<\/b><br \/>\n\u0093 Arquitectura popular barroca en la regi\u00f3n Puebla-Tlaxcala.<\/p>\n<p><b>Ter\u00e1n Espinosa, Martha<\/b><br \/>\n\u0093 Tributos tard\u00edos de la Nueva Espa\u00f1a, 1810-1822 (de continuidad)<\/p>\n<p><b>Torre Hern\u00e1ndez, Felipe Alejandro de la<\/b><br \/>\n\u0093 Recuperaci\u00f3n y digitalizaci\u00f3n de impresos anarquistas, siglos XIX y XX.<br \/>\n\u0093 Tradici\u00f3n y cultura radical hispanoamericana, siglos XIX y XX. El caso de la cultura libertaria: prensa, gr\u00e1fica y tradiciones culturales del anarquismo hispanoamericano, 1871-1918.<\/p>\n<p><b>Torre Villalpando, Guadalupe de la<\/b><br \/>\n\u0093 Estructura demogr\u00e1fica de la ciudad de M\u00e9xico seg\u00fan el padr\u00f3n de 1753.<\/p>\n<p><b>Tu\u00f1\u00f3n Pablos, Julia<\/b><br \/>\n\u0094 Cultura y cine en M\u00e9xico, siglo XX. Entre la naturaleza y la cultura: la construcci\u00f3n simb\u00f3lica de los cuerpos humanos e institucionales.<br \/>\n\u0094 Historia de las mujeres en M\u00e9xico, siglos XIX y XX.<br \/>\n\u0094 M\u00e9xico en el imaginario f\u00edlmico franc\u00e9s.<br \/>\n\u0094 Relaciones f\u00edlmicas hispanomexicanas, siglo XX.<\/p>\n<p><b>Turner Rodr\u00edguez, Guillermo Gerardo<\/b><br \/>\n\u0093 Los guerreros y los letrados. La visi\u00f3n del mundo y la construcci\u00f3n de la memoria entre los soldados de la conquista.<\/p>\n<p><strong>Valdez, C\u00e9sar Enrique<\/strong><br \/>\n\u0093 El ej\u00e9rcito mexicano a trav\u00e9s de sus publicaciones: la revista del ej\u00e9rcito y marina y el soldado.<br \/>\n\u0093 Enemigos: violencia pol\u00edtica, vigilancia y control social en M\u00e9xico siglo XX.<br \/>\n\u0093 Seminario de Estudios Hist\u00f3ricos sobre las Fuerzas Armadas.<\/p>\n<p><b>Valle Prieto Ortega, Ma. Eugenia Alejandra del<\/b><br \/>\n\u0093 Convenio Internacional sobre Aviaci\u00f3n Civil. Convenio de Chicago.<br \/>\n\u0093 El programa bracero (1942-1965) en la geopol\u00edtica de la guerra fr\u00eda.<br \/>\n\u0093 Historiograf\u00eda en el Caribe.<\/p>\n<p><b>Velasco Avila, Cuauht\u00e9moc<\/b><br \/>\n\u0093 Confrontaci\u00f3n \u00e9tnica en la frontera noreste mexicana, siglos XVIII y XIX.<\/p>\n<p><b>Venegas Aguilera, Lilia<\/b><br \/>\n\u0093 G\u00e9nero y cultura pol\u00edtica.<\/p>\n<p><b>Villafuerte Garc\u00eda, Mar\u00eda de Lourdes<\/b><br \/>\n\u0093 El concepto de familia en la actualidad.<\/p>\n<p><b>Yanes Rizo, Emma<\/b><br \/>\n\u0093 Prof\u00e9tica, casa de la lectura.<br \/>\n\u0093 El hurac\u00e1n STAN del 2005 y sus implicaciones en la Sierra Norte de Puebla.<br \/>\n\u0093 Recuperaci\u00f3n de archivos y materiales de M\u00e9xico en el extranjero: Taramundi, Espa\u00f1a, historia de una comunidad migrante.<\/p>\n","protected":false},"excerpt":{"rendered":"<p>Acevedo Vald\u00e9s, Esther \u0094 Seminario sobre la visualidad mexicana en los siglos XIX y XX. &#8220;Waldeck de ingeniero de minas a anticuario&#8221;. Aguirre Anaya, Carlos \u0094 La Ciudad de M\u00e9xico y sus representaciones cartogr\u00e1ficas desde finales del siglo XVIII hasta principios del siglo XX. Alvarado G\u00f3mez, Armando \u0094 Proyectos para&#8230; <a class=\"continue-reading-link\" href=\"https:\/\/estudioshistoricos.inah.gob.mx\/?page_id=28\">Seguir leyendo<\/a><\/p>\n","protected":false},"author":1,"featured_media":0,"parent":15,"menu_order":1,"comment_status":"closed","ping_status":"closed","template":"","meta":{"footnotes":""},"class_list":["post-28","page","type-page","status-publish","hentry"],"_links":{"self":[{"href":"https:\/\/estudioshistoricos.inah.gob.mx\/index.php?rest_route=\/wp\/v2\/pages\/28","targetHints":{"allow":["GET"]}}],"collection":[{"href":"https:\/\/estudioshistoricos.inah.gob.mx\/index.php?rest_route=\/wp\/v2\/pages"}],"about":[{"href":"https:\/\/estudioshistoricos.inah.gob.mx\/index.php?rest_route=\/wp\/v2\/types\/page"}],"author":[{"embeddable":true,"href":"https:\/\/estudioshistoricos.inah.gob.mx\/index.php?rest_route=\/wp\/v2\/users\/1"}],"replies":[{"embeddable":true,"href":"https:\/\/estudioshistoricos.inah.gob.mx\/index.php?rest_route=%2Fwp%2Fv2%2Fcomments&post=28"}],"version-history":[{"count":81,"href":"https:\/\/estudioshistoricos.inah.gob.mx\/index.php?rest_route=\/wp\/v2\/pages\/28\/revisions"}],"predecessor-version":[{"id":16327,"href":"https:\/\/estudioshistoricos.inah.gob.mx\/index.php?rest_route=\/wp\/v2\/pages\/28\/revisions\/16327"}],"up":[{"embeddable":true,"href":"https:\/\/estudioshistoricos.inah.gob.mx\/index.php?rest_route=\/wp\/v2\/pages\/15"}],"wp:attachment":[{"href":"https:\/\/estudioshistoricos.inah.gob.mx\/index.php?rest_route=%2Fwp%2Fv2%2Fmedia&parent=28"}],"curies":[{"name":"wp","href":"https:\/\/api.w.org\/{rel}","templated":true}]}}