{"id":69,"date":"2015-01-13T17:59:02","date_gmt":"2015-01-13T17:59:02","guid":{"rendered":"http:\/\/estudioshistoricos.inah.gob.mx\/?page_id=69"},"modified":"2026-02-19T17:16:05","modified_gmt":"2026-02-19T23:16:05","slug":"69-2","status":"publish","type":"page","link":"https:\/\/estudioshistoricos.inah.gob.mx\/?page_id=69","title":{"rendered":"Acervos documentales"},"content":{"rendered":"<p>[tabs title=&#8221;&#8221; disabled=&#8221;false&#8221; collapsible=&#8221;true&#8221; active=&#8221;0&#8243; event=&#8221;click&#8221;]<br \/>\n[tab title=&#8221;Papeles de Familia&#8221;]<\/p>\n<div id=\"attachment_719\" style=\"width: 458px\" class=\"wp-caption alignleft\"><a title=\"PAPELES DE FAMILIA\" href=\"http:\/\/papelesdefamilia.mx\/\"><img loading=\"lazy\" decoding=\"async\" aria-describedby=\"caption-attachment-719\" class=\"size-full wp-image-719\" src=\"https:\/\/estudioshistoricos.inah.gob.mx\/wp-content\/uploads\/banner-papeles-2.jpg\" alt=\"Papeles de Familia\" width=\"448\" height=\"254\" srcset=\"https:\/\/estudioshistoricos.inah.gob.mx\/wp-content\/uploads\/banner-papeles-2.jpg 448w, https:\/\/estudioshistoricos.inah.gob.mx\/wp-content\/uploads\/banner-papeles-2-300x170.jpg 300w\" sizes=\"auto, (max-width: 448px) 100vw, 448px\" \/><\/a><p id=\"caption-attachment-719\" class=\"wp-caption-text\">Papeles de Familia<\/p><\/div>\n<p style=\"text-align: justify;\">En este sitio encontrar\u00e1s una gran variedad de expedientes que te permitir\u00e1n un acercamiento diferente a la historia: diarios, memorias, an\u00e9cdotas, fotograf\u00edas, art\u00edculos period\u00edsticos, cartas, recetarios, etc\u00e9tera. A trav\u00e9s de ellos podr\u00e1s conocer las formas de vida, las costumbres y las concepciones de personas y familias de muy diversas regiones, \u00e9pocas y condiciones sociales.<\/p>\n<p style=\"text-align: justify;\">Adem\u00e1s, te invitamos a participar en el proyecto y a compartir los materiales de tu familia con nosotros, a formar parte de esta comunidad encaminada a una reconstrucci\u00f3n de nuestra historia que sea expresi\u00f3n de la diversidad y la pluralidad.<\/p>\n<p>[\/tab]<\/p>\n<p>[tab title=&#8221;Compendio de\u00a0Bandos de la Cd. de M\u00e9xico&#8221;]<\/p>\n<div id=\"attachment_715\" style=\"width: 458px\" class=\"wp-caption alignright\"><a title=\"Compendio BANDOS DE LA CIUDAD DE M\u00c9XICO. Periodo Colonial\" href=\"http:\/\/bandosmexico.inah.gob.mx\/menu.html\"><img loading=\"lazy\" decoding=\"async\" aria-describedby=\"caption-attachment-715\" class=\"size-full wp-image-715\" src=\"https:\/\/estudioshistoricos.inah.gob.mx\/wp-content\/uploads\/banner-bandos-2.jpg\" alt=\"Compendio Bandos de la Ciudad de M\u00e9xico\" width=\"448\" height=\"258\" srcset=\"https:\/\/estudioshistoricos.inah.gob.mx\/wp-content\/uploads\/banner-bandos-2.jpg 448w, https:\/\/estudioshistoricos.inah.gob.mx\/wp-content\/uploads\/banner-bandos-2-300x173.jpg 300w\" sizes=\"auto, (max-width: 448px) 100vw, 448px\" \/><\/a><p id=\"caption-attachment-715\" class=\"wp-caption-text\">Compendio Bandos de la Ciudad de M\u00e9xico<\/p><\/div>\n<p style=\"text-align: justify;\">El inter\u00e9s por esta fuente documental, utilizada en innumerables trabajos de investigaci\u00f3n, es porque los bandos contienen buena parte de la normatividad para la administraci\u00f3n y gobierno de la ciudad. Es por ello, que contar con una recopilaci\u00f3n de este conjunto de documentos, resulta de enorme utilidad para los estudiosos e interesados en su historia.<\/p>\n<p style=\"text-align: justify;\">El objetivo fue localizar el mayor n\u00famero de bandos posible y capturar el texto con la idea de crear un banco de datos; pero tambi\u00e9n obtener una imagen digital de los documentos.\u00a0 El criterio de selecci\u00f3n fue que el bando hiciera referencia a la ciudad de M\u00e9xico; que el mandato estuviera dirigido a sus habitantes, vecinos y\/o a las autoridades que vigilaban su cumplimiento.[\/tab]<\/p>\n<p>[tab title=&#8221;Gu\u00eda del Fondo de la Secretar\u00eda de Gobernaci\u00f3n&#8221;]<\/p>\n<div id=\"attachment_717\" style=\"width: 458px\" class=\"wp-caption alignleft\"><a title=\"GU\u00cdA DEL FONDO DE LA SECRETARIA DE GOBERNACI\u00d3N Secci\u00f3n: Direcci\u00f3n de investigaciones Pol\u00edticas y Sociales, 1920-1952\" href=\"https:\/\/www.estudioshistoricos.inah.gob.mx\/guia\/index.html\"><img loading=\"lazy\" decoding=\"async\" aria-describedby=\"caption-attachment-717\" class=\"wp-image-717 size-full\" src=\"https:\/\/estudioshistoricos.inah.gob.mx\/wp-content\/uploads\/banner-gobernacion-2.jpg\" alt=\"Gu\u00eda del Fondo de la Secretar\u00eda de Gobernaci\u00f3n\" width=\"448\" height=\"259\" srcset=\"https:\/\/estudioshistoricos.inah.gob.mx\/wp-content\/uploads\/banner-gobernacion-2.jpg 448w, https:\/\/estudioshistoricos.inah.gob.mx\/wp-content\/uploads\/banner-gobernacion-2-300x173.jpg 300w\" sizes=\"auto, (max-width: 448px) 100vw, 448px\" \/><\/a><p id=\"caption-attachment-717\" class=\"wp-caption-text\">Gu\u00eda del Fondo de la Secretar\u00eda de Gobernaci\u00f3n<\/p><\/div>\n<p style=\"text-align: justify;\"><span class=\"style2\">I<\/span>nvestigadores de la Direcci\u00f3n de Estudios Hist\u00f3ricos del Instituto Nacional de Antropolog\u00eda e Historia (DEH-INAH) y del Instituto Nacional de Estudios Hist\u00f3ricos de la Revoluci\u00f3n Mexicana (INEHRM) interesados en realizar estudios sobre distintos aspectos de la historia nacional y en un af\u00e1n por coadyuvar con las acciones de conservaci\u00f3n y difusi\u00f3n que lleva a cabo el Archivo General de la Naci\u00f3n (AGN), nos dimos a la tarea de elaborar una primera <em>Gu\u00eda del Fondo de la Secretar\u00eda de Gobernaci\u00f3n, Secci\u00f3n: Direcci\u00f3n General de Investigaciones Pol\u00edticas y Sociales<\/em> (DGIPS), que ahora presentamos, en una entrega que cubre fundamentalmente la documentaci\u00f3n del periodo correspondiente a los a\u00f1os de 1920 a 1952.<\/p>\n<p><a href=\"https:\/\/www.guiadgips.inah.gob.mx\/\" target=\"_blank\" rel=\"noopener noreferrer\"><img loading=\"lazy\" decoding=\"async\" class=\"alignleft wp-image-3226 size-full\" src=\"https:\/\/estudioshistoricos.inah.gob.mx\/wp-content\/uploads\/banner-guia-gobernacion-dos-2.jpg\" alt=\"\" width=\"448\" height=\"290\" \/><\/a>Este instrumento de consulta denominado\u00a0<em>Gu\u00eda del Fondo de la Secretar\u00eda de Gobernaci\u00f3n. Secci\u00f3n: Direcci\u00f3n General de Investigaciones Pol\u00edticas y Sociales. Estudios estatales 1966-1973<\/em>,\u00a0 forma parte de un largo proyecto de colaboraci\u00f3n con el Archivo General de la Naci\u00f3n (AGN) que emprendi\u00f3 un conjunto de investigadores de la Direcci\u00f3n de Estudios Hist\u00f3ricos del Instituto Nacional de Antropolog\u00eda e Historia hace m\u00e1s de una d\u00e9cada.<\/p>\n<p style=\"text-align: justify;\">Este resultado se suma a otros esfuerzos promovidos por acad\u00e9micos y archivistas pertenecientes a diversas instituciones p\u00fablicas en M\u00e9xico, que pretendieron dotar de herramientas a los investigadores interesados en consultar la documentaci\u00f3n que atesoraron por d\u00e9cadas algunas dependencias adscritas a la Secretar\u00eda de Gobernaci\u00f3n en el siglo XX. \u00c9sta es de especial relevancia e inter\u00e9s para la historia mexicana y su relaci\u00f3n con el exterior, y hoy en d\u00eda se encuentra depositada en la Galer\u00eda II del AGN, en la secci\u00f3n que gen\u00e9ricamente se denomin\u00f3: Investigaciones Pol\u00edticas y Sociales.[\/tab]<\/p>\n<p>[tab title=&#8221;Archivo Electr\u00f3nico Ricardo Flores Mag\u00f3n&#8221;]<\/p>\n<div id=\"attachment_716\" style=\"width: 458px\" class=\"wp-caption alignleft\"><a title=\"Archivo electr\u00f3nico RICARDO FLORES MAG\u00d3N\" href=\"http:\/\/archivomagon.net\/\"><img loading=\"lazy\" decoding=\"async\" aria-describedby=\"caption-attachment-716\" class=\"size-full wp-image-716\" src=\"https:\/\/estudioshistoricos.inah.gob.mx\/wp-content\/uploads\/banner-flores-4.jpg\" alt=\"Ricardo Flores Mag\u00f3n\" width=\"448\" height=\"260\" srcset=\"https:\/\/estudioshistoricos.inah.gob.mx\/wp-content\/uploads\/banner-flores-4.jpg 448w, https:\/\/estudioshistoricos.inah.gob.mx\/wp-content\/uploads\/banner-flores-4-300x174.jpg 300w\" sizes=\"auto, (max-width: 448px) 100vw, 448px\" \/><\/a><p id=\"caption-attachment-716\" class=\"wp-caption-text\">Ricardo Flores Mag\u00f3n<\/p><\/div>\n<p style=\"text-align: justify;\">El Archivo Electr\u00f3nico Ricardo Flores Mag\u00f3n\u00a0(actualmente en construcci\u00f3n), busca ofrecer al usuario la compilaci\u00f3n exhaustiva de los escritos del revolucionario mexicano.<\/p>\n<p style=\"text-align: justify;\">Por el momento es posible consultar la secci\u00f3n\u00a0Peri\u00f3dicos, donde se encuentra una colecci\u00f3n completa del peri\u00f3dico\u00a0Regeneraci\u00f3n (1900-1918), incluida su\u00a0secci\u00f3n en italiano\u00a0(1911), y otra, parcial, del semanario\u00a0Revoluci\u00f3n (1907-1908).<\/p>\n<p style=\"text-align: justify;\">Tambi\u00e9n es posible consultar, dentro de\u00a0Obras Completas, las secciones\u00a0Correspondencia<strong>\u00a0(1899-1922)<\/strong>, \u00a0<strong>Obra literaria (1910-1917)\u00a0<\/strong>y\u00a0<strong>Art\u00edculos pol\u00edticos (1900-1908)<\/strong>.<\/p>\n<p style=\"text-align: justify;\">El interesado encontrar\u00e1 en el interactivo\u00a0<b><strong>Ruta Mag\u00f3n<\/strong><\/b>\u00a0un recorrido por la trayectoria biogr\u00e1fica de Ricardo Flores Mag\u00f3n a trav\u00e9s de los sitios y direcciones vinculados a su vida que han podido ser documentados.<\/p>\n<p style=\"text-align: justify;\">Biblioteca Digital cuenta con dos secciones: Biblioteca digital Ricardo Flores Mag\u00f3n, en los que se encuentran\u00a0 textos historiogr\u00e1ficos\u00a0 escritos entre 1923 y 1970 (en torno a la figura de Ricardo Flores Mag\u00f3n y las actividades del Partido Liberal Mexicano) de dif\u00edcil localizaci\u00f3n y Biblioteca Sociol\u00f3gica Regeneraci\u00f3n,\u00a0 en la que se reproducen los folletos y libros anunciados en esa secci\u00f3n del peri\u00f3dico.[\/tab]<\/p>\n<p>[tab title=&#8221;Gu\u00eda General Electr\u00f3nica del Archivo Hist\u00f3rico del Instituto de Geolog\u00eda (AHIG)&#8221;]<\/p>\n<div id=\"attachment_1028\" style=\"width: 458px\" class=\"wp-caption alignright\"><a title=\"Gu\u00eda General Electr\u00f3nica del Archivo Hist\u00f3rico del Instituto de Geolog\u00eda\" href=\"http:\/\/www.ptolomeo.unam.mx\/archigeo\/\"><img loading=\"lazy\" decoding=\"async\" aria-describedby=\"caption-attachment-1028\" class=\"wp-image-1028 size-full\" src=\"https:\/\/estudioshistoricos.inah.gob.mx\/wp-content\/uploads\/banner-guia-general-dos.jpg\" alt=\"Gu\u00eda General Electr\u00f3nica del Archivo Hist\u00f3rico del Instituto de Geolog\u00eda (AHIG)\" width=\"448\" height=\"333\" srcset=\"https:\/\/estudioshistoricos.inah.gob.mx\/wp-content\/uploads\/banner-guia-general-dos.jpg 448w, https:\/\/estudioshistoricos.inah.gob.mx\/wp-content\/uploads\/banner-guia-general-dos-300x223.jpg 300w, https:\/\/estudioshistoricos.inah.gob.mx\/wp-content\/uploads\/banner-guia-general-dos-404x300.jpg 404w\" sizes=\"auto, (max-width: 448px) 100vw, 448px\" \/><\/a><p id=\"caption-attachment-1028\" class=\"wp-caption-text\">Gu\u00eda General Electr\u00f3nica del Archivo Hist\u00f3rico del Instituto de Geolog\u00eda (AHIG)<\/p><\/div>\n<p style=\"text-align: justify;\">Derivado de un convenio de colaboraci\u00f3n signado entre el Instituto Nacional de Antropolog\u00eda e Historia (INAH) y la Universidad Nacional Aut\u00f3noma de M\u00e9xico (UNAM), encaminado al rescate, organizaci\u00f3n, catalogaci\u00f3n y resguardo de diversos archivos relacionados con la historia minera, fue creada la Gu\u00eda General Informativa del Instituto de Geolog\u00eda, ahora disponible en Internet.<br \/>\nEl sistema de consulta re\u00fane cerca de 11 mil 500 expedientes que dan a conocer la evoluci\u00f3n de esta instituci\u00f3n, primera en su tipo en Latinoam\u00e9rica y pilar en el reconocimiento del territorio nacional y sus recursos. La documentaci\u00f3n abarca desde 1891, cuando inici\u00f3 funciones como entidad federal, hasta la d\u00e9cada de 1970.[\/tab]<\/p>\n<p>[tab title=&#8221;Proyecto Cr\u00f3nica Mexicana&#8221;]<\/p>\n<p><a title=\"Proyecto Cr\u00f3nica de M\u00e9xico\" href=\"https:\/\/www.senshu-u.ac.jp\/research\/mexicana\/\"><img loading=\"lazy\" decoding=\"async\" class=\"alignnone size-full wp-image-4643\" src=\"https:\/\/estudioshistoricos.inah.gob.mx\/wp-content\/uploads\/proyecto-cr\u00f3nica-448x290.jpg\" alt=\"\" width=\"448\" height=\"290\" srcset=\"https:\/\/estudioshistoricos.inah.gob.mx\/wp-content\/uploads\/proyecto-cr\u00f3nica-448x290.jpg 448w, https:\/\/estudioshistoricos.inah.gob.mx\/wp-content\/uploads\/proyecto-cr\u00f3nica-448x290-300x194.jpg 300w, https:\/\/estudioshistoricos.inah.gob.mx\/wp-content\/uploads\/proyecto-cr\u00f3nica-448x290-350x227.jpg 350w, https:\/\/estudioshistoricos.inah.gob.mx\/wp-content\/uploads\/proyecto-cr\u00f3nica-448x290-150x97.jpg 150w\" sizes=\"auto, (max-width: 448px) 100vw, 448px\" \/><\/p>\n<p style=\"text-align: justify;\"><span style=\"color: #000000;\">La presente plataforma es el resultado de un proyecto interinstitucional e interdisciplinario iniciado en el a\u00f1o 2016 que tiene como prop\u00f3sito central dar a conocer a trav\u00e9s de recursos digitales las distintas versiones de la <i>Cr\u00f3nica Mexicana<\/i>, obra atribuida a Hernando de Alvarado Tezoz\u00f3moc y considerada una de las fuentes de primera importancia de la historia mexica.[\/tab]<\/span><\/p>\n<p>[\/tabs]<\/p>\n<p>&nbsp;<\/a><\/p>\n","protected":false},"excerpt":{"rendered":"<p>[tabs title=&#8221;&#8221; disabled=&#8221;false&#8221; collapsible=&#8221;true&#8221; active=&#8221;0&#8243; event=&#8221;click&#8221;] [tab title=&#8221;Papeles de Familia&#8221;] En este sitio encontrar\u00e1s una gran variedad de expedientes que te permitir\u00e1n un acercamiento diferente a la historia: diarios, memorias, an\u00e9cdotas, fotograf\u00edas, art\u00edculos period\u00edsticos, cartas, recetarios, etc\u00e9tera. A trav\u00e9s de ellos podr\u00e1s conocer las formas de vida, las costumbres y&#8230; <a class=\"continue-reading-link\" href=\"https:\/\/estudioshistoricos.inah.gob.mx\/?page_id=69\">Seguir leyendo<\/a><\/p>\n","protected":false},"author":1,"featured_media":0,"parent":0,"menu_order":6,"comment_status":"closed","ping_status":"closed","template":"","meta":{"footnotes":""},"class_list":["post-69","page","type-page","status-publish","hentry"],"_links":{"self":[{"href":"https:\/\/estudioshistoricos.inah.gob.mx\/index.php?rest_route=\/wp\/v2\/pages\/69","targetHints":{"allow":["GET"]}}],"collection":[{"href":"https:\/\/estudioshistoricos.inah.gob.mx\/index.php?rest_route=\/wp\/v2\/pages"}],"about":[{"href":"https:\/\/estudioshistoricos.inah.gob.mx\/index.php?rest_route=\/wp\/v2\/types\/page"}],"author":[{"embeddable":true,"href":"https:\/\/estudioshistoricos.inah.gob.mx\/index.php?rest_route=\/wp\/v2\/users\/1"}],"replies":[{"embeddable":true,"href":"https:\/\/estudioshistoricos.inah.gob.mx\/index.php?rest_route=%2Fwp%2Fv2%2Fcomments&post=69"}],"version-history":[{"count":88,"href":"https:\/\/estudioshistoricos.inah.gob.mx\/index.php?rest_route=\/wp\/v2\/pages\/69\/revisions"}],"predecessor-version":[{"id":17239,"href":"https:\/\/estudioshistoricos.inah.gob.mx\/index.php?rest_route=\/wp\/v2\/pages\/69\/revisions\/17239"}],"wp:attachment":[{"href":"https:\/\/estudioshistoricos.inah.gob.mx\/index.php?rest_route=%2Fwp%2Fv2%2Fmedia&parent=69"}],"curies":[{"name":"wp","href":"https:\/\/api.w.org\/{rel}","templated":true}]}}